{"id":1461,"date":"2025-07-03T14:41:49","date_gmt":"2025-07-03T12:41:49","guid":{"rendered":"https:\/\/halevipartner.com\/?page_id=1461"},"modified":"2025-07-03T14:52:00","modified_gmt":"2025-07-03T12:52:00","slug":"hausordnung-haftungsausschlusserklarung","status":"publish","type":"page","link":"https:\/\/halevipartner.com\/en\/hausordnung-haftungsausschlusserklarung\/","title":{"rendered":"Hausordnung &amp; Haftungsausschlusserkl\u00e4rung"},"content":{"rendered":"<div data-elementor-type=\"wp-page\" data-elementor-id=\"1461\" class=\"elementor elementor-1461\" data-elementor-post-type=\"page\">\n\t\t\t\t<div class=\"elementor-element elementor-element-c008622 e-flex e-con-boxed e-con e-parent\" data-id=\"c008622\" data-element_type=\"container\">\n\t\t\t\t\t<div class=\"e-con-inner\">\n\t\t\t\t<div class=\"elementor-element elementor-element-5ecc566 elementor-widget elementor-widget-heading\" data-id=\"5ecc566\" data-element_type=\"widget\" data-widget_type=\"heading.default\">\n\t\t\t\t<div class=\"elementor-widget-container\">\n\t\t\t\t\t<h2 class=\"elementor-heading-title elementor-size-default\">Hausordnung &amp; Haftungsausschlusserkl\u00e4rung<\/h2>\t\t\t\t<\/div>\n\t\t\t\t<\/div>\n\t\t\t\t\t<\/div>\n\t\t\t\t<\/div>\n\t\t<div class=\"elementor-element elementor-element-d1a8b5c e-flex e-con-boxed e-con e-parent\" data-id=\"d1a8b5c\" data-element_type=\"container\">\n\t\t\t\t\t<div class=\"e-con-inner\">\n\t\t\t\t<div class=\"elementor-element elementor-element-71189e9 elementor-widget elementor-widget-text-editor\" data-id=\"71189e9\" data-element_type=\"widget\" data-widget_type=\"text-editor.default\">\n\t\t\t\t<div class=\"elementor-widget-container\">\n\t\t\t\t\t\t\t\t\t<h2>HAUSORDNUNG<\/h2><h3>HAFTUNGSAUSSCHLUSS<\/h3><h3>1. ALLGEMEINES<\/h3><p>1.1. Diese Hausordnung gilt f\u00fcr alle Benutzer der An-lage. Die Hausordnung kann jederzeit abge\u00e4ndert werden. Es gilt die beim Zeitpunkt des Besuches g\u00fcltige Fassung.<\/p><p>1.2. Jeder Benutzer erkl\u00e4rt sich mit Betreten der Anla-ge mit allen Punkten dieser Hausordnung einver-standen und erkennt diese rechtsverbindlich und uneingeschr\u00e4nkt an.<\/p><p>1.3. Jeder Benutzer muss sich beim Empfang anmel-den.<\/p><p>1.4. Die \u00dcberschriften dieser Hausordnung wurden zum Zwecke der leichteren Lesbarkeit eingef\u00fcgt. Sie schr\u00e4nken den Inhalt der jeweils angef\u00fchrten Punkte nicht ein.<\/p><p>1.5. Sch\u00e4den aller Art sowie erkannte Gefahren sind unverz\u00fcglich dem Personal zu melden.<\/p><p>1.6. Bei Verlassen des Schie\u00dfstandes ist dieser in ordnungsgem\u00e4\u00dfem, sauberem Zustand zu hinter-lassen. H\u00fclsen und M\u00fcll sind in den vorgesehenen Beh\u00e4ltern (M\u00fclltrennung ist zu beachten) zu ent-sorgen. Bei Missachtung wird eine entsprechende Reinigungsgeb\u00fchr verrechnet.<\/p><p>1.7. Den Anordnungen des Personals (akustisch und optisch) ist jederzeit unverz\u00fcglich Folge zu leisten. Das Personal ist berechtigt, Waffen und Muniti-onsarten, die beim Schie\u00dfen verwendet werden, zu \u00fcberpr\u00fcfen.<\/p><p>1.8. Aktuelle Aush\u00e4nge und Informationen innerhalb der R\u00e4umlichkeit sind immer zu beachten.<\/p><p>1.9. Der Anlagenbereich ist video\u00fcberwacht.<\/p><p>\u00a0<\/p><h3>2. BENUTZUNGSBERECHTIGTE SCHIESSANLAGE<\/h3><p>2.1. Das Betreten und Ben\u00fctzen des Schie\u00dfstandes ist jeder vollj\u00e4hrigen Person gestattet, ausgenom-men:<\/p><p>2.1.1. Personen, die kein g\u00fcltiges Waffendokument (Waffenbesitzkarte oder Waffenpass) besitzen. In Absprache mit der Schie\u00dfstandleitung sind Aus-nahmen m\u00f6glich.<\/p><p>2.1.2. Personen, gegen die ein (vorl\u00e4ufiges) Waffenver-bot besteht;<\/p><p>2.1.3. Personen, die unter Alkohol-, Suchtgift-, Medika-menteneinfluss oder sonstigen beeintr\u00e4chtigen-den Einfl\u00fcssen stehen;<\/p><p>2.1.4. Personen, denen die Benutzung vom Personal untersagt bzw. verboten wurde.<\/p><p>\u00a0<\/p><h3>3. BESCHR\u00c4NKUNGEN UND VERBOTE<\/h3><p>3.1. Das Mitbringen und Abfeuern aller gem\u00e4\u00df aktuell g\u00fcltigem Waffengesetz verbotenen Waffen und Munitionen ist untersagt. Die Nutzung von Leucht-spurmunition, Brand- und Hartkerngeschosse, Vorderlader- oder Schwarzpulverwaffen ist eben-falls nicht gestattet. Das Verschie\u00dfen von Schrot ist verboten. Slugs d\u00fcrfen nur in der dynamischen Schie\u00dfanlage aus einer Distanz von 10 bis 15m verschossen werden.<\/p><p>3.2. Es gilt ein absolutes Rauch-, Alkohol- und Dro-genverbot. Weiters ist Essen und Trinken sowie te-lefonieren innerhalb des statischen und dynami-schen Schie\u00dfstandes verboten.<\/p><p>3.3. Es ist jegliche Handlung verboten, die ein Entz\u00fcn-den von Pulverr\u00fcckst\u00e4nden nach sich ziehen k\u00f6nnte. Die Verwendung von offenem Feuer, brennbaren Fl\u00fcssigkeiten und Gasen, pyrotechni-schen S\u00e4tzen, Gegenst\u00e4nden und Anz\u00fcndmittel und anderen explosionsgef\u00e4hrlichen Stoffen und dergleichen ist verboten.<\/p><p>\u00a0<\/p><h3>4. VERHALTEN SCHIESSANLAGE ALLGEMEIN<\/h3><p>4.1. Der Schie\u00dfstand darf von allen Personen nur mit Schie\u00dfbrille (beim Tragen einer optischen Brille ist diese nicht erforderlich) und Geh\u00f6rschutz betreten und ben\u00fctzt werden.<\/p><p>4.2. Der Schie\u00dfstand darf nur mit ungeladenen Waffen betreten oder verlassen werden (hiervon ausge-nommen sind WP-Inhaber und Dienstwaffentr\u00e4ger einer \u00f6sterr. Beh\u00f6rde).<\/p><p>4.3. Fremde Waffen und Munition d\u00fcrfen ohne aus-dr\u00fcckliche Zustimmung des Besitzers nicht ber\u00fchrt werden.<\/p><p>4.4. Jeder ist f\u00fcr seine Waffe verantwortlich.<\/p><p>4.5. Waffen sind immer als geladen zu betrachten und zu behandeln.<\/p><p>4.6. Es ist daf\u00fcr Sorge zu tragen, dass die Sicherheit am Schie\u00dfstand f\u00fcr alle Personen und die gesam-te Infrastruktur gew\u00e4hrleistet ist. Die gebotene Sorgfalt bei der Handhabung von Waffen ist aus-nahmslos einzuhalten.<\/p><p>4.7. Bevor die T\u00fcr zum Schie\u00dfstand ge\u00f6ffnet wird, hat sich der Ben\u00fctzer durch eine Sichtpr\u00fcfung zu \u00fcberzeugen, ob die T\u00fcr gefahrlos ge\u00f6ffnet werden kann. Das \u00d6ffnen dieser T\u00fcr ist nur in Schie\u00dfpau-sen gestattet.<\/p><p>4.8. Geladene Waffe d\u00fcrfen nicht aus der Hand gege-ben oder abgelegt werden. Ist es notwendig eine Waffe abzulegen, so ist diese zu entladen und die Sicherheit herzustellen.<\/p><p>4.9. Waffen sind unmittelbar nach Beendigung des Schie\u00dfens zu entladen.<\/p><p>4.10. Waffen d\u00fcrfen nur ungeladen und (je nach Art der Waffe) mit abgenommenem Magazin, ausge-schwenkter Trommel, abgestellt oder abgelegt werden. Die Waffe ist dabei so abzulegen, dass die M\u00fcndung der Waffe in Richtung Kugelfang zeigt.<\/p><p>4.11. Das Reinigen, Zerlegen, Reparieren von Waffen ist ausschlie\u00dflich in der Sicherheitszone (\u201eFummel-zone\u201c) gestattet. In der Sicherheitszone herrscht absolutes Munitionsverbot. Ein Hantieren mit Waf-fen au\u00dferhalb der zugewiesenen Bereiche ist ver-boten.<\/p><p>4.12. Das Laden und Entladen der Waffen sowie das Vornehmen von Schie\u00df-, Ziel und Visier\u00fcbungen oder sonstiges Hantieren mit der Waffe (egal ob geladen oder ungeladen) ist nur in Richtung Ziel-objekt\/Kugelfang zul\u00e4ssig. Keinesfalls darf die Waffe, egal ob geladen oder ungeladen, in eine andere Richtung als der Kugelfang gehalten oder auf Menschen gerichtet werden. Die M\u00fcndung der Waffe muss so gerichtet sein, dass niemand durch einen (sich unbeabsichtigt l\u00f6senden) Schuss ge-f\u00e4hrdet bzw. verletzt werden kann. Es ist zu jeder Zeit auf die Sicherheit s\u00e4mtlicher Personen im Schie\u00dfstand zu achten.<\/p><p>4.13. Das Umdrehen (weg vom Kugelfang) mit der Waf-fe, egal ob geladen oder ungeladen, ist verboten.<\/p><p>4.14. Finger weg vom Abzug! Der Finger ist bis unmittel-bar vor Abgabe des gewollten Schusses immer au\u00dferhalb des Abzugb\u00fcgels zu halten.<\/p><p>4.15. Im Falle von Ladehemmungen oder sonstigen St\u00f6rungen, die vom Sch\u00fctzen nicht selbst beho-ben werden k\u00f6nnen, ist das Personal zu verst\u00e4n-digen. Die Waffe ist mit in Richtung des Kugelfan-ges zeigender M\u00fcndung zu entladen bzw. so zu handhaben, dass niemand gef\u00e4hrdet wird. Bei St\u00f6rungen im Schie\u00dfbetrieb, die eine Einstellung des Schie\u00dfens erfordern, ist den Anordnung des Personals sofort Folge zu leisten.<\/p><p>\u00a0<\/p><h3>5. VERHALTEN DYNAMISCHES SCHIESSEN<\/h3><p>5.1. Das dynamische Schie\u00dfen (Bewegung mit der scharfen Waffe) ist Einzelpersonen aus Sicher-heitsgr\u00fcnden untersagt. Bei mehr als zwei Sch\u00fct-zen muss innerhalb der Gruppe eine verantwortli-che und qualifizierte Aufsichtsperson definiert werden, die das Schie\u00dfen st\u00e4ndig zu beaufsichti-gen sowie daf\u00fcr zu sorgen hat, dass die in der Schie\u00dfhalle Anwesenden durch ihr Verhalten kei-ne vermeidbaren Gefahren verursachen und die Regelungen dieser Schie\u00dfstandordnung beachtet werden. Die Aufsichtsperson hat, wenn dies zur Verh\u00fctung von Gefahren erforderlich ist, das Schie\u00dfen und den Aufenthalt in der Schie\u00dfhalle zu untersagen. Die Aufsichtsperson hat Bereiche f\u00fcr den Lade- und Entladevorgang festzulegen.<\/p><p>5.2. Zielobjekte d\u00fcrfen nur so bewegt und positioniert werden, dass in Richtung Kugelfang geschossen wird. Die Verwendung mobiler Kugelf\u00e4nge ist kos-ten- und bewilligungspflichtig und nur nach Unter-zeichnung der diesbez\u00fcglichen separaten Instruk-tion erlaubt.<\/p><p>5.3. Die k\u00fcrzeste Distanz, ab der Sch\u00fcsse in Richtung Zielobjekt abgegeben werden d\u00fcrfen sind 5 Meter.<\/p><p>5.4. Es d\u00fcrfen nur die vorgesehenen Zielobjekte be-schossen werden. Auf umgefallene Ziele darf nicht geschossen werden.<\/p><p>\u00a0<\/p><h3>6. VERHALTEN STATISCHES SCHIESSEN<\/h3><p>6.1. Es sind \u2013 je nach Sch\u00fctzenstand \u2013 maximal 2 oder in der Mitte 3 Personen pro Sch\u00fctzenstand zugelassen.<\/p><p>6.2. Das Hantieren an der Waffe ist nur an dem daf\u00fcr vorgesehenen und zugewiesenen Sch\u00fctzenstand zul\u00e4ssig. Waffen sind erst innerhalb des Sch\u00fct-zenstandes aus dem Transportbeh\u00e4ltnis zu neh-men und sind nach dem Schie\u00dfen auch wieder innerhalb des Sch\u00fctzenstandes im Transportbe-h\u00e4lter zu verstauen. oder in ungeladenem(!) Zu-stand in der daf\u00fcr vorgesehenen Sicherheitszone (\u201eFummelzone\u201c) zul\u00e4ssig.<\/p><p>6.3. Das Laden und Entladen der Waffen sowie das Vornehmen von Schie\u00df-, Ziel und Visieru\u0308bungen oder sonstiges Hantieren mit der Waffe (egal ob geladen oder ungeladen) ist nur in\/aus den daf\u00fcr vorgesehenen Sch\u00fctzenst\u00e4nden mit in Richtung Kugelfang gerichtetem Lauf zul\u00e4ssig.<\/p><p>6.4. Die Trennw\u00e4nde der Kojen am Sch\u00fctzenstand sind nicht kugelsicher. Eine Gef\u00e4hrdung von Per-sonen muss ausgeschlossen sein.<\/p><p>\u00a0<\/p><h3>7. VERHALTEN KRAV MAGA, SELBSTVERTEIDI-GUNG UND FORCE ON FORCE TRAINING<\/h3><p>7.1. Beim Force on Force Training (mit nicht lethaler Munition bzw. Markierungsmunition) ist Schutz-bekleidung zu tragen. Schutzbrillen sind in der Halle w\u00e4hrend des gesamten Trainings, auch in Trainingspausen zu tragen und nicht abzuneh-men.<\/p><p>7.2. F\u00fcr das korrekte Anlegen der jeweils erforderli-chen Schutzausr\u00fcstung ist jeder Teilnehmer selbst verantwortlich. Sollte Schutzausrichtung w\u00e4hrend einer \u00dcbung verrutschen oder nicht mehr korrekt anliegen, ist die \u00dcbung sofort zu beenden und das Personal zu verst\u00e4ndigen.<\/p><p>7.3. Der Teilnehmer versichert, dass er gesundheitlich in der Lage ist, die Trainingsangebote zu nut-zen.<\/p><p>7.4. Es ist daf\u00fcr Sorge zu tragen, dass die Sicherheit im Training f\u00fcr alle Personen und die gesamte Infrastruktur gew\u00e4hrleistet ist.<\/p><p>7.5. Wegen der Verletzungsgefahr ist das Tragen von Uhren, Schmuck und dergleichen verboten. Das Tragen von optischen Brillen liegt im Ermes-sen der Teilnehmer. Optische Brillen ersetzen je-denfalls nicht die vom Trainingszentrum zur Ver-f\u00fcgung gestellten Schutzbrillen f\u00fcr das Force on Force Training.<\/p><p>7.6. Den Anordnungen des Personals (akustisch und optisch) ist jederzeit unverz\u00fcglich Folge zu leisten.<\/p><p>7.7. Intensit\u00e4t und \u00dcbungsumfang m\u00fcssen selbst\u00e4ndig kontrolliert und dem pers\u00f6nlichen Trainingszu-stand angepasst sein. \u00dcbertriebene H\u00e4rte ist ver-boten.<\/p><p>7.8. Trinkwasser in verschlie\u00dfbaren Beh\u00e4ltnissen (z.B. Trinkflaschen) sind erlaubt. Glasflaschen und an-dere Getr\u00e4nke als Wasser sind in den Trainings-r\u00e4umen verboten.<\/p><p>7.9. Teilnehmer benutzen ihre eigene Trainingsbeklei-dung. Diese kann im Rahmen des Trainings ver-schmutzt oder besch\u00e4digt werden. Halevi Partner \u00fcbernimmt daf\u00fcr keine Haftung.<\/p><p>7.10. Bei Unwohlsein muss das Training sofort unterbro-chen werden. Informieren Sie den anwesenden Trainer!<\/p><p>\u00a0<\/p><h3>8. SANKTIONEN<\/h3><p>Bei Verst\u00f6\u00dfen gegen diese Hausordnung oder auch aus anderen Gr\u00fcnden kann durch das Per-sonal \u2013 auch ohne Vorwarnung und Angaben von Gr\u00fcnden \u2013 ein (zeitlich befristetes oder dauern-des) Ben\u00fctzungs- und Betretungsverbot ausge-sprochen werden. Die betroffene Person hat dann den Schie\u00dfstand sofort zu verlassen. Die be-troffene Person hat in diesem Fall keinen An-spruch auf Erstattung der Kurs- und Standgeb\u00fch-ren, sonstiger geleisteter Entgelte oder sonstiger entstandener Kosten.<\/p><p>\u00a0<\/p><h3>9. RECHTSFOLGEN-RISIKO \/ HAFTUNG \/ HAF-TUNGSAUSSCHLUSS \/ VERZICHTSERKL\u00c4RUNG<\/h3><p>9.1. Dem Benutzer der Anlage ist bewusst, dass im Umgang mit Feuerwaffen, beim Nahkampf und Taktischen Training ein erh\u00f6htes Risiko f\u00fcr Ge-sundheit und Leben besteht. Beim Schie\u00dfen k\u00f6n-nen auch bei gr\u00f6\u00dfter Sorgfalt Unf\u00e4lle mit erhebli-chen Verletzungsfolgen (im Extremfall Tod) nicht ausgeschlossen werden.<\/p><p>9.2. Das Betreten, die Nutzung und\/oder der Aufent-halt in der Anlage erfolgt auf eigene Gefahr und Risiko. Jeder\u00a0 \u00a0 \u00a0schie\u00dft und trainiert auf eigene Verantwortung und eigenes Risiko.<\/p><p>9.3. Jeder ist f\u00fcr sein Verhalten selbst, insbesondere f\u00fcr sein Verhalten mit der Waffe und f\u00fcr den von ihm abgegebenen Schuss, verantwortlich und haf-tet in vollem Umfang f\u00fcr alle entstandenen Sch\u00e4-den an Personen und\/oder Sachen. F\u00fcr Sch\u00e4den au\u00dferhalb des bestimmungsgem\u00e4\u00dfen Gebrauchs, insbesondere durch Fehlsch\u00fcsse (jede Oberfl\u00e4che au\u00dfer Zielscheibe und Kugelfang), haftet der Ver-ursacher. So ist der Preis beispielsweise f\u00fcr einen Decken- Wand- oder Bodenschuss EUR 38, f\u00fcr einen Beleuchtungsk\u00f6rper EUR 96.<\/p><p>9.4. Es wird darauf hingewiesen, dass die Halevi Part-ner GmbH f\u00fcr die Benutzer keinerlei Versicherung abschlie\u00dft. Jeder Benutzer hat selbst f\u00fcr einen ausreichenden Versicherungsschutz, insbesonde-re f\u00fcr einen ausreichenden Unfall, Kranken- und Haftpflichtversicherungsschutz, zur sorgen.<\/p><p>9.5. Die Halevi Partner GmbH, ihre Mitarbeiter und sonstigen Erf\u00fcllungsgehilfen haften nicht f\u00fcr Sch\u00e4den an Personen und\/oder Sachen, die von Benutzern des Schie\u00dfstandes verursacht werden.<\/p><p>9.6. Die Halevi Partner GmbH, ihre Mitarbeiter und sonstigen Erf\u00fcllungsgehilfen haften nicht f\u00fcr Sch\u00e4den, insbesondere nicht f\u00fcr Verlust, Dieb-stahl oder Besch\u00e4digung von Gegenst\u00e4nden je-der Art (wie z.B. Kleidung, Schmuck, Geld, Wert-sachen, usw.).<\/p><p>9.7. Der Benutzer verpflichtet sich, die Halevi Partner GmbH, ihre Mitarbeiter und sonstigen Erf\u00fcllungs-gehilfen hinsichtlich aller wie immer gearteter An-spr\u00fcche (gleich aus welchem Rechtsgrund), die im Zusammenhang mit einem von ihm verursachten Schaden aus oder im Zusammenhang mit dem Schie\u00dftraining stehen, schad- und klaglos zu hal-ten. Diese Schad- und Klagloshaltung gilt auch f\u00fcr Personen, welche als Begleitpersonen unter der Aufsicht des Benutzers schie\u00dfen.<\/p><p>9.8. Ferner erkl\u00e4rt der Benutzer auf eine Geltendma-chung aller wie immer gearteter Anspr\u00fcche (gleich aus welchem Rechtsgrund) gegen die Halevi Part-ner GmbH, ihre Mitarbeiter und sonstigen Erf\u00fcl-lungsgehilfen, die im Zusammenhang mit einem Schaden aus oder im Zusammenhang mit dem Schie\u00dftraining stehen, zu verzichten. Dieser Ver-zicht wird auch f\u00fcr Angeh\u00f6rige und unterhaltsbe-rechtigte Personen sowie Erben des Benutzers erkl\u00e4rt.<\/p><p>9.9. Der Benutzer erkl\u00e4rt weiters eidesstaatlich, dass gegen ihn kein (vorl\u00e4ufiges) Waffenverbot besteht.<\/p><p>\u00a0<\/p><p>ICH HABE DIESE SCHIESSSTANDORDNUNG SOWIE DIE HAFTUNGSAUSCHLUSSERKL\u00c4RUNG GELESEN, VER-STANDEN UND ERKENNE SIE DURCH MEINE UNTER-SCHRIFT UNEINGESCHR\u00c4NKT UND RECHTSVERBIND-LICH AN<\/p><p>\u00a0<\/p><p>Vorname und Name: ______________________________<\/p><p>\u00a0<\/p><p>Geburtsdatum:\u00a0 __________________________________<\/p><p>\u00a0<\/p><p>WP- \/ WBK- \/ Ausweis Nr:<\/p><p><span style=\"white-space: normal;\"> _________________________<\/span><\/p><p>Beh\u00f6rde, Ausst. Datum:\u00a0 __________________________<\/p><p>\u00a0<\/p><p>E-Mail:\u00a0 ________________________________________<\/p><p>\u00a0<\/p><p>Telefon:\u00a0 _______________________________________<\/p><p>\u00a0<\/p><p>Unterschrift:\u00a0 ____________________________________<\/p><p>\u00a0<\/p><p>Datum: ___________________________________<\/p><p>\u00a0<\/p><p>Ich darf per E-Mail mit Informationen kontaktiert werden.\u00a0 __<\/p><p>\u00a0<\/p><p>\u00a0<\/p><div>\u00a0<\/div>\t\t\t\t\t\t\t\t<\/div>\n\t\t\t\t<\/div>\n\t\t\t\t\t<\/div>\n\t\t\t\t<\/div>\n\t\t\t\t<\/div>","protected":false},"excerpt":{"rendered":"<p>Hausordnung &amp; Haftungsausschlusserkl\u00e4rung HAUSORDNUNG HAFTUNGSAUSSCHLUSS 1. ALLGEMEINES 1.1. Diese Hausordnung gilt f\u00fcr alle Benutzer der An-lage. Die Hausordnung kann jederzeit abge\u00e4ndert werden. Es gilt die beim Zeitpunkt des Besuches g\u00fcltige [&hellip;]<\/p>","protected":false},"author":4,"featured_media":0,"parent":0,"menu_order":0,"comment_status":"closed","ping_status":"closed","template":"","meta":{"_price":"","_stock":"","_tribe_ticket_header":"","_tribe_default_ticket_provider":"","_tribe_ticket_capacity":"0","_ticket_start_date":"","_ticket_end_date":"","_tribe_ticket_show_description":"","_tribe_ticket_show_not_going":false,"_tribe_ticket_use_global_stock":"","_tribe_ticket_global_stock_level":"","_global_stock_mode":"","_global_stock_cap":"","_tribe_rsvp_for_event":"","_tribe_ticket_going_count":"","_tribe_ticket_not_going_count":"","_tribe_tickets_list":"[]","_tribe_ticket_has_attendee_info_fields":false,"footnotes":""},"class_list":["post-1461","page","type-page","status-publish","hentry"],"yoast_head":"<!-- This site is optimized with the Yoast SEO plugin v25.4 - https:\/\/yoast.com\/wordpress\/plugins\/seo\/ -->\n<title>Hausordnung &amp; Haftungsausschlusserkl\u00e4rung - Halevi Partner<\/title>\n<meta name=\"robots\" content=\"index, follow, max-snippet:-1, max-image-preview:large, max-video-preview:-1\" \/>\n<link rel=\"canonical\" href=\"https:\/\/halevipartner.com\/en\/hausordnung-haftungsausschlusserklarung\/\" \/>\n<meta property=\"og:locale\" content=\"en_US\" \/>\n<meta property=\"og:type\" content=\"article\" \/>\n<meta property=\"og:title\" content=\"Hausordnung &amp; Haftungsausschlusserkl\u00e4rung - Halevi Partner\" \/>\n<meta property=\"og:description\" content=\"Hausordnung &amp; Haftungsausschlusserkl\u00e4rung HAUSORDNUNG HAFTUNGSAUSSCHLUSS 1. ALLGEMEINES 1.1. Diese Hausordnung gilt f\u00fcr alle Benutzer der An-lage. Die Hausordnung kann jederzeit abge\u00e4ndert werden. Es gilt die beim Zeitpunkt des Besuches g\u00fcltige [&hellip;]\" \/>\n<meta property=\"og:url\" content=\"https:\/\/halevipartner.com\/en\/hausordnung-haftungsausschlusserklarung\/\" \/>\n<meta property=\"og:site_name\" content=\"Halevi Partner\" \/>\n<meta property=\"article:publisher\" content=\"https:\/\/www.facebook.com\/p\/Halevi-Partner-100077092023247\/\" \/>\n<meta property=\"article:modified_time\" content=\"2025-07-03T12:52:00+00:00\" \/>\n<meta name=\"twitter:card\" content=\"summary_large_image\" \/>\n<meta name=\"twitter:label1\" content=\"Est. reading time\" \/>\n\t<meta name=\"twitter:data1\" content=\"10 minutes\" \/>\n<script type=\"application\/ld+json\" class=\"yoast-schema-graph\">{\"@context\":\"https:\/\/schema.org\",\"@graph\":[{\"@type\":\"WebPage\",\"@id\":\"https:\/\/halevipartner.com\/hausordnung-haftungsausschlusserklarung\/\",\"url\":\"https:\/\/halevipartner.com\/hausordnung-haftungsausschlusserklarung\/\",\"name\":\"Hausordnung &amp; Haftungsausschlusserkl\u00e4rung - Halevi Partner\",\"isPartOf\":{\"@id\":\"https:\/\/halevipartner.com\/#website\"},\"datePublished\":\"2025-07-03T12:41:49+00:00\",\"dateModified\":\"2025-07-03T12:52:00+00:00\",\"breadcrumb\":{\"@id\":\"https:\/\/halevipartner.com\/hausordnung-haftungsausschlusserklarung\/#breadcrumb\"},\"inLanguage\":\"en-US\",\"potentialAction\":[{\"@type\":\"ReadAction\",\"target\":[\"https:\/\/halevipartner.com\/hausordnung-haftungsausschlusserklarung\/\"]}]},{\"@type\":\"BreadcrumbList\",\"@id\":\"https:\/\/halevipartner.com\/hausordnung-haftungsausschlusserklarung\/#breadcrumb\",\"itemListElement\":[{\"@type\":\"ListItem\",\"position\":1,\"name\":\"Startseite\",\"item\":\"https:\/\/halevipartner.com\/\"},{\"@type\":\"ListItem\",\"position\":2,\"name\":\"Hausordnung &amp; Haftungsausschlusserkl\u00e4rung\"}]},{\"@type\":\"WebSite\",\"@id\":\"https:\/\/halevipartner.com\/#website\",\"url\":\"https:\/\/halevipartner.com\/\",\"name\":\"Halevi Partner\",\"description\":\"Combat &amp; Schie\u00df-Trainingszentrum\",\"publisher\":{\"@id\":\"https:\/\/halevipartner.com\/#organization\"},\"potentialAction\":[{\"@type\":\"SearchAction\",\"target\":{\"@type\":\"EntryPoint\",\"urlTemplate\":\"https:\/\/halevipartner.com\/?s={search_term_string}\"},\"query-input\":{\"@type\":\"PropertyValueSpecification\",\"valueRequired\":true,\"valueName\":\"search_term_string\"}}],\"inLanguage\":\"en-US\"},{\"@type\":\"Organization\",\"@id\":\"https:\/\/halevipartner.com\/#organization\",\"name\":\"Halevi Partner\",\"url\":\"https:\/\/halevipartner.com\/\",\"logo\":{\"@type\":\"ImageObject\",\"inLanguage\":\"en-US\",\"@id\":\"https:\/\/halevipartner.com\/#\/schema\/logo\/image\/\",\"url\":\"https:\/\/halevipartner.com\/wp-content\/uploads\/2025\/05\/image_2025-07-02_22-30-57-1.png\",\"contentUrl\":\"https:\/\/halevipartner.com\/wp-content\/uploads\/2025\/05\/image_2025-07-02_22-30-57-1.png\",\"width\":2399,\"height\":576,\"caption\":\"Halevi Partner\"},\"image\":{\"@id\":\"https:\/\/halevipartner.com\/#\/schema\/logo\/image\/\"},\"sameAs\":[\"https:\/\/www.facebook.com\/p\/Halevi-Partner-100077092023247\/\",\"https:\/\/www.instagram.com\/halevi.partner\/\"]}]}<\/script>\n<!-- \/ Yoast SEO plugin. -->","yoast_head_json":{"title":"Hausordnung &amp; Haftungsausschlusserkl\u00e4rung - Halevi Partner","robots":{"index":"index","follow":"follow","max-snippet":"max-snippet:-1","max-image-preview":"max-image-preview:large","max-video-preview":"max-video-preview:-1"},"canonical":"https:\/\/halevipartner.com\/en\/hausordnung-haftungsausschlusserklarung\/","og_locale":"en_US","og_type":"article","og_title":"Hausordnung &amp; Haftungsausschlusserkl\u00e4rung - Halevi Partner","og_description":"Hausordnung &amp; Haftungsausschlusserkl\u00e4rung HAUSORDNUNG HAFTUNGSAUSSCHLUSS 1. ALLGEMEINES 1.1. Diese Hausordnung gilt f\u00fcr alle Benutzer der An-lage. Die Hausordnung kann jederzeit abge\u00e4ndert werden. Es gilt die beim Zeitpunkt des Besuches g\u00fcltige [&hellip;]","og_url":"https:\/\/halevipartner.com\/en\/hausordnung-haftungsausschlusserklarung\/","og_site_name":"Halevi Partner","article_publisher":"https:\/\/www.facebook.com\/p\/Halevi-Partner-100077092023247\/","article_modified_time":"2025-07-03T12:52:00+00:00","twitter_card":"summary_large_image","twitter_misc":{"Est. reading time":"10 minutes"},"schema":{"@context":"https:\/\/schema.org","@graph":[{"@type":"WebPage","@id":"https:\/\/halevipartner.com\/hausordnung-haftungsausschlusserklarung\/","url":"https:\/\/halevipartner.com\/hausordnung-haftungsausschlusserklarung\/","name":"Hausordnung &amp; Haftungsausschlusserkl\u00e4rung - Halevi Partner","isPartOf":{"@id":"https:\/\/halevipartner.com\/#website"},"datePublished":"2025-07-03T12:41:49+00:00","dateModified":"2025-07-03T12:52:00+00:00","breadcrumb":{"@id":"https:\/\/halevipartner.com\/hausordnung-haftungsausschlusserklarung\/#breadcrumb"},"inLanguage":"en-US","potentialAction":[{"@type":"ReadAction","target":["https:\/\/halevipartner.com\/hausordnung-haftungsausschlusserklarung\/"]}]},{"@type":"BreadcrumbList","@id":"https:\/\/halevipartner.com\/hausordnung-haftungsausschlusserklarung\/#breadcrumb","itemListElement":[{"@type":"ListItem","position":1,"name":"Startseite","item":"https:\/\/halevipartner.com\/"},{"@type":"ListItem","position":2,"name":"Hausordnung &amp; Haftungsausschlusserkl\u00e4rung"}]},{"@type":"WebSite","@id":"https:\/\/halevipartner.com\/#website","url":"https:\/\/halevipartner.com\/","name":"Halevi Partner","description":"Combat &amp; Schie\u00df-Trainingszentrum","publisher":{"@id":"https:\/\/halevipartner.com\/#organization"},"potentialAction":[{"@type":"SearchAction","target":{"@type":"EntryPoint","urlTemplate":"https:\/\/halevipartner.com\/?s={search_term_string}"},"query-input":{"@type":"PropertyValueSpecification","valueRequired":true,"valueName":"search_term_string"}}],"inLanguage":"en-US"},{"@type":"Organization","@id":"https:\/\/halevipartner.com\/#organization","name":"Halevi Partner","url":"https:\/\/halevipartner.com\/","logo":{"@type":"ImageObject","inLanguage":"en-US","@id":"https:\/\/halevipartner.com\/#\/schema\/logo\/image\/","url":"https:\/\/halevipartner.com\/wp-content\/uploads\/2025\/05\/image_2025-07-02_22-30-57-1.png","contentUrl":"https:\/\/halevipartner.com\/wp-content\/uploads\/2025\/05\/image_2025-07-02_22-30-57-1.png","width":2399,"height":576,"caption":"Halevi Partner"},"image":{"@id":"https:\/\/halevipartner.com\/#\/schema\/logo\/image\/"},"sameAs":["https:\/\/www.facebook.com\/p\/Halevi-Partner-100077092023247\/","https:\/\/www.instagram.com\/halevi.partner\/"]}]}},"_links":{"self":[{"href":"https:\/\/halevipartner.com\/en\/wp-json\/wp\/v2\/pages\/1461","targetHints":{"allow":["GET"]}}],"collection":[{"href":"https:\/\/halevipartner.com\/en\/wp-json\/wp\/v2\/pages"}],"about":[{"href":"https:\/\/halevipartner.com\/en\/wp-json\/wp\/v2\/types\/page"}],"author":[{"embeddable":true,"href":"https:\/\/halevipartner.com\/en\/wp-json\/wp\/v2\/users\/4"}],"replies":[{"embeddable":true,"href":"https:\/\/halevipartner.com\/en\/wp-json\/wp\/v2\/comments?post=1461"}],"version-history":[{"count":6,"href":"https:\/\/halevipartner.com\/en\/wp-json\/wp\/v2\/pages\/1461\/revisions"}],"predecessor-version":[{"id":1468,"href":"https:\/\/halevipartner.com\/en\/wp-json\/wp\/v2\/pages\/1461\/revisions\/1468"}],"wp:attachment":[{"href":"https:\/\/halevipartner.com\/en\/wp-json\/wp\/v2\/media?parent=1461"}],"curies":[{"name":"wp","href":"https:\/\/api.w.org\/{rel}","templated":true}]}}