{"id":1747,"date":"2025-10-20T12:00:05","date_gmt":"2025-10-20T10:00:05","guid":{"rendered":"https:\/\/halevipartner.com\/?page_id=1747"},"modified":"2025-11-17T10:20:39","modified_gmt":"2025-11-17T09:20:39","slug":"tac-3-combat-training","status":"publish","type":"page","link":"https:\/\/halevipartner.com\/en\/tac-3-combat-training\/","title":{"rendered":"TAC 3 Combat Training"},"content":{"rendered":"<div data-elementor-type=\"wp-page\" data-elementor-id=\"1747\" class=\"elementor elementor-1747\" data-elementor-post-type=\"page\">\n\t\t\t\t<div class=\"elementor-element elementor-element-23a1e88 e-con-full e-flex e-con e-child\" data-id=\"23a1e88\" data-element_type=\"container\" data-settings=\"{&quot;background_background&quot;:&quot;classic&quot;}\">\n\t\t\t\t<div class=\"elementor-element elementor-element-ad640bd elementor-widget elementor-widget-heading\" data-id=\"ad640bd\" data-element_type=\"widget\" data-widget_type=\"heading.default\">\n\t\t\t\t<div class=\"elementor-widget-container\">\n\t\t\t\t\t<h1 class=\"elementor-heading-title elementor-size-default\">TAC 3 Combat Training<\/h1>\t\t\t\t<\/div>\n\t\t\t\t<\/div>\n\t\t\t\t<\/div>\n\t\t<div class=\"elementor-element elementor-element-19086355 e-con-full e-flex e-con e-parent\" data-id=\"19086355\" data-element_type=\"container\">\n\t\t<div class=\"elementor-element elementor-element-d2a436b e-con-full e-flex e-con e-child\" data-id=\"d2a436b\" data-element_type=\"container\" data-settings=\"{&quot;background_background&quot;:&quot;classic&quot;}\">\n\t\t<div class=\"elementor-element elementor-element-229769a e-con-full e-flex e-con e-child\" data-id=\"229769a\" data-element_type=\"container\">\n\t\t\t\t<div class=\"elementor-element elementor-element-37e032a9 elementor-widget__width-initial elementor-widget elementor-widget-heading\" data-id=\"37e032a9\" data-element_type=\"widget\" data-widget_type=\"heading.default\">\n\t\t\t\t<div class=\"elementor-widget-container\">\n\t\t\t\t\t<h2 class=\"elementor-heading-title elementor-size-default\">TAC3 Combat Training<br>Experience the training of Special Forces personnel<\/h2>\t\t\t\t<\/div>\n\t\t\t\t<\/div>\n\t\t<div class=\"elementor-element elementor-element-df30fd0 e-con-full e-flex e-con e-child\" data-id=\"df30fd0\" data-element_type=\"container\">\n\t\t<div class=\"elementor-element elementor-element-7d5a439 e-con-full e-flex e-con e-child\" data-id=\"7d5a439\" data-element_type=\"container\">\n\t\t\t\t<div class=\"elementor-element elementor-element-4532ea12 elementor-widget__width-initial elementor-widget elementor-widget-text-editor\" data-id=\"4532ea12\" data-element_type=\"widget\" data-widget_type=\"text-editor.default\">\n\t\t\t\t<div class=\"elementor-widget-container\">\n\t\t\t\t\t\t\t\t\t<p>\u2013 75 Min. <strong>Krav Maga:<\/strong>\u00a0Fundamentals of close-quarters combat.<\/p><p>\u2013 75 Min. <strong>Pistol Shooting:<\/strong>\u00a0Practical weapon training.<\/p><p>\u2013 75 Min. <strong>Force on Force:<\/strong>\u00a0Tactical man-against-man scenarios with non-lethal simulation weapons.<\/p><p>An experienced Special Ops instructor will guide you safely through this intensive experience.<br \/>No prior knowledge or firearms license required.<\/p><p><strong>4 Stunden Training, 100 % Combat Erlebnis.<\/strong><\/p><p><strong>Participants:<\/strong>\u00a04\u20138 people (minimum age 18)<\/p><p>In our workshop <strong>TAC 3 Combat Training <\/strong>you'll gain authentic insight into the training world of professional ops personnel.<\/p>\t\t\t\t\t\t\t\t<\/div>\n\t\t\t\t<\/div>\n\t\t<div class=\"elementor-element elementor-element-27b70149 e-con-full e-flex e-con e-child\" data-id=\"27b70149\" data-element_type=\"container\" data-settings=\"{&quot;background_background&quot;:&quot;classic&quot;}\">\n\t\t\t\t<div class=\"elementor-element elementor-element-37f02872 elementor-widget__width-initial elementor-widget elementor-widget-heading\" data-id=\"37f02872\" data-element_type=\"widget\" data-widget_type=\"heading.default\">\n\t\t\t\t<div class=\"elementor-widget-container\">\n\t\t\t\t\t<div class=\"elementor-heading-title elementor-size-default\">Price:<\/div>\t\t\t\t<\/div>\n\t\t\t\t<\/div>\n\t\t<div class=\"elementor-element elementor-element-41474a4 e-con-full e-flex e-con e-child\" data-id=\"41474a4\" data-element_type=\"container\">\n\t\t\t\t<div class=\"elementor-element elementor-element-81cc79f elementor-widget__width-initial elementor-widget elementor-widget-text-editor\" data-id=\"81cc79f\" data-element_type=\"widget\" data-widget_type=\"text-editor.default\">\n\t\t\t\t<div class=\"elementor-widget-container\">\n\t\t\t\t\t\t\t\t\t<p>\u20ac 330 pro Person (inkludiert Leihwaffen, Munition und Schutzausr\u00fcstung)<\/p><p><a style=\"font-family: Arial, sans-serif; background-color: #f8f8f8; color: #000000; padding: 10px 18px; border-radius: 6px; text-decoration: none; display: inline-block;\" href=\"mailto:office@halevipartner.com?subject=Interesse%20am%20TAC%203%20Workshop&amp;body=Liebes%20Halevi%20Partner%20Team,%0D%0A%0D%0AWir%20sind%20am%20TAC%203%20Workshop%20interessiert.%0D%0A%0D%0AMein%20Name:%20%0D%0AWunschdatum:%20%0D%0APersonenanzahl:%20%0D%0AMeine%20Telefonnummer:%20%0D%0A%0D%0AIch%20bitte%20um%20Kontaktaufnahme.%0D%0A%0D%0AMit%20freundlichen%20Gr\u00fc\u00dfen,%0D%0A\">Book Now!<\/a><\/p>\t\t\t\t\t\t\t\t<\/div>\n\t\t\t\t<\/div>\n\t\t\t\t<\/div>\n\t\t\t\t<\/div>\n\t\t\t\t<\/div>\n\t\t<div class=\"elementor-element elementor-element-c7a012c e-con-full e-flex e-con e-child\" data-id=\"c7a012c\" data-element_type=\"container\">\n\t\t\t\t<div class=\"elementor-element elementor-element-4da35403 elementor-widget__width-initial elementor-widget elementor-widget-text-editor\" data-id=\"4da35403\" data-element_type=\"widget\" data-widget_type=\"text-editor.default\">\n\t\t\t\t<div class=\"elementor-widget-container\">\n\t\t\t\t\t\t\t\t\t<p><strong>Krav Maga<\/strong> ist effiziente waffenlose Kampftechnik \u2013 es geht um Kontrolle, Bewegung und Instinkt.<\/p><p>During\u00a0<strong>pistol training,<\/strong>\u00a0you'll learn precise aiming, safe handling, and tactical behavior under the guidance of experienced instructors.<\/p><p>In the final\u00a0<strong>Force-on-Force unit,<\/strong>\u00a0you will apply what you have learned in realistic scenarios \u2013 with simulation weapons, protective clothing \u2013 and adrenaline.<\/p><p><strong>Das Training ist intensiv, k\u00f6rperlich fordernd und mental fokussiert.<\/strong> Es verlangt keine Vorkenntnisse \u2013 nur Offenheit, Respekt und den Willen, dich auf neue Erfahrungen einzulassen. Der Workshop ist f\u00fcr Anf\u00e4nger wie auch f\u00fcr Fortgeschrittene Teilnehmer:innen und Profis geeignet. Unser Instructor stellt sich auf das Niveau der Gruppe ein.<\/p>\t\t\t\t\t\t\t\t<\/div>\n\t\t\t\t<\/div>\n\t\t\t\t<\/div>\n\t\t\t\t<\/div>\n\t\t\t\t<\/div>\n\t\t\t\t<\/div>\n\t\t\t\t<\/div>\n\t\t\t\t<\/div>","protected":false},"excerpt":{"rendered":"<p>TAC 3 Combat Training TAC3 Combat TrainingErlebe das Training von Einsatzkr\u00e4ften \u2013 75 Min. Krav Maga:\u00a0Grundlagen des Nahkampfs. \u2013 75 Min. Pistolenschie\u00dfen:\u00a0Praktisches Training an der Waffe. \u2013 75 Min. Force [&hellip;]<\/p>","protected":false},"author":3,"featured_media":0,"parent":0,"menu_order":0,"comment_status":"closed","ping_status":"closed","template":"","meta":{"_price":"","_stock":"","_tribe_ticket_header":"","_tribe_default_ticket_provider":"","_tribe_ticket_capacity":"0","_ticket_start_date":"","_ticket_end_date":"","_tribe_ticket_show_description":"","_tribe_ticket_show_not_going":false,"_tribe_ticket_use_global_stock":"","_tribe_ticket_global_stock_level":"","_global_stock_mode":"","_global_stock_cap":"","_tribe_rsvp_for_event":"","_tribe_ticket_going_count":"","_tribe_ticket_not_going_count":"","_tribe_tickets_list":"[]","_tribe_ticket_has_attendee_info_fields":false,"footnotes":""},"class_list":["post-1747","page","type-page","status-publish","hentry"],"yoast_head":"<!-- This site is optimized with the Yoast SEO plugin v25.4 - https:\/\/yoast.com\/wordpress\/plugins\/seo\/ -->\n<title>TAC 3 Combat Training - Halevi Partner<\/title>\n<meta name=\"robots\" content=\"index, follow, max-snippet:-1, max-image-preview:large, max-video-preview:-1\" \/>\n<link rel=\"canonical\" href=\"https:\/\/halevipartner.com\/en\/tac-3-combat-training\/\" \/>\n<meta property=\"og:locale\" content=\"en_US\" \/>\n<meta property=\"og:type\" content=\"article\" \/>\n<meta property=\"og:title\" content=\"TAC 3 Combat Training - Halevi Partner\" \/>\n<meta property=\"og:description\" content=\"TAC 3 Combat Training TAC3 Combat TrainingErlebe das Training von Einsatzkr\u00e4ften \u2013 75 Min. Krav Maga:\u00a0Grundlagen des Nahkampfs. \u2013 75 Min. Pistolenschie\u00dfen:\u00a0Praktisches Training an der Waffe. \u2013 75 Min. Force [&hellip;]\" \/>\n<meta property=\"og:url\" content=\"https:\/\/halevipartner.com\/en\/tac-3-combat-training\/\" \/>\n<meta property=\"og:site_name\" content=\"Halevi Partner\" \/>\n<meta property=\"article:publisher\" content=\"https:\/\/www.facebook.com\/p\/Halevi-Partner-100077092023247\/\" \/>\n<meta property=\"article:modified_time\" content=\"2025-11-17T09:20:39+00:00\" \/>\n<meta name=\"twitter:card\" content=\"summary_large_image\" \/>\n<meta name=\"twitter:label1\" content=\"Est. reading time\" \/>\n\t<meta name=\"twitter:data1\" content=\"1 minute\" \/>\n<script type=\"application\/ld+json\" class=\"yoast-schema-graph\">{\"@context\":\"https:\/\/schema.org\",\"@graph\":[{\"@type\":\"WebPage\",\"@id\":\"https:\/\/halevipartner.com\/tac-3-combat-training\/\",\"url\":\"https:\/\/halevipartner.com\/tac-3-combat-training\/\",\"name\":\"TAC 3 Combat Training - Halevi Partner\",\"isPartOf\":{\"@id\":\"https:\/\/halevipartner.com\/#website\"},\"datePublished\":\"2025-10-20T10:00:05+00:00\",\"dateModified\":\"2025-11-17T09:20:39+00:00\",\"breadcrumb\":{\"@id\":\"https:\/\/halevipartner.com\/tac-3-combat-training\/#breadcrumb\"},\"inLanguage\":\"en-US\",\"potentialAction\":[{\"@type\":\"ReadAction\",\"target\":[\"https:\/\/halevipartner.com\/tac-3-combat-training\/\"]}]},{\"@type\":\"BreadcrumbList\",\"@id\":\"https:\/\/halevipartner.com\/tac-3-combat-training\/#breadcrumb\",\"itemListElement\":[{\"@type\":\"ListItem\",\"position\":1,\"name\":\"Startseite\",\"item\":\"https:\/\/halevipartner.com\/\"},{\"@type\":\"ListItem\",\"position\":2,\"name\":\"TAC 3 Combat Training\"}]},{\"@type\":\"WebSite\",\"@id\":\"https:\/\/halevipartner.com\/#website\",\"url\":\"https:\/\/halevipartner.com\/\",\"name\":\"Halevi Partner\",\"description\":\"Combat &amp; Schie\u00df-Trainingszentrum\",\"publisher\":{\"@id\":\"https:\/\/halevipartner.com\/#organization\"},\"potentialAction\":[{\"@type\":\"SearchAction\",\"target\":{\"@type\":\"EntryPoint\",\"urlTemplate\":\"https:\/\/halevipartner.com\/?s={search_term_string}\"},\"query-input\":{\"@type\":\"PropertyValueSpecification\",\"valueRequired\":true,\"valueName\":\"search_term_string\"}}],\"inLanguage\":\"en-US\"},{\"@type\":\"Organization\",\"@id\":\"https:\/\/halevipartner.com\/#organization\",\"name\":\"Halevi Partner\",\"url\":\"https:\/\/halevipartner.com\/\",\"logo\":{\"@type\":\"ImageObject\",\"inLanguage\":\"en-US\",\"@id\":\"https:\/\/halevipartner.com\/#\/schema\/logo\/image\/\",\"url\":\"https:\/\/halevipartner.com\/wp-content\/uploads\/2025\/05\/image_2025-07-02_22-30-57-1.png\",\"contentUrl\":\"https:\/\/halevipartner.com\/wp-content\/uploads\/2025\/05\/image_2025-07-02_22-30-57-1.png\",\"width\":2399,\"height\":576,\"caption\":\"Halevi Partner\"},\"image\":{\"@id\":\"https:\/\/halevipartner.com\/#\/schema\/logo\/image\/\"},\"sameAs\":[\"https:\/\/www.facebook.com\/p\/Halevi-Partner-100077092023247\/\",\"https:\/\/www.instagram.com\/halevi.partner\/\"]}]}<\/script>\n<!-- \/ Yoast SEO plugin. -->","yoast_head_json":{"title":"TAC 3 Combat Training - Halevi Partner","robots":{"index":"index","follow":"follow","max-snippet":"max-snippet:-1","max-image-preview":"max-image-preview:large","max-video-preview":"max-video-preview:-1"},"canonical":"https:\/\/halevipartner.com\/en\/tac-3-combat-training\/","og_locale":"en_US","og_type":"article","og_title":"TAC 3 Combat Training - Halevi Partner","og_description":"TAC 3 Combat Training TAC3 Combat TrainingErlebe das Training von Einsatzkr\u00e4ften \u2013 75 Min. Krav Maga:\u00a0Grundlagen des Nahkampfs. \u2013 75 Min. Pistolenschie\u00dfen:\u00a0Praktisches Training an der Waffe. \u2013 75 Min. Force [&hellip;]","og_url":"https:\/\/halevipartner.com\/en\/tac-3-combat-training\/","og_site_name":"Halevi Partner","article_publisher":"https:\/\/www.facebook.com\/p\/Halevi-Partner-100077092023247\/","article_modified_time":"2025-11-17T09:20:39+00:00","twitter_card":"summary_large_image","twitter_misc":{"Est. reading time":"1 minute"},"schema":{"@context":"https:\/\/schema.org","@graph":[{"@type":"WebPage","@id":"https:\/\/halevipartner.com\/tac-3-combat-training\/","url":"https:\/\/halevipartner.com\/tac-3-combat-training\/","name":"TAC 3 Combat Training - Halevi Partner","isPartOf":{"@id":"https:\/\/halevipartner.com\/#website"},"datePublished":"2025-10-20T10:00:05+00:00","dateModified":"2025-11-17T09:20:39+00:00","breadcrumb":{"@id":"https:\/\/halevipartner.com\/tac-3-combat-training\/#breadcrumb"},"inLanguage":"en-US","potentialAction":[{"@type":"ReadAction","target":["https:\/\/halevipartner.com\/tac-3-combat-training\/"]}]},{"@type":"BreadcrumbList","@id":"https:\/\/halevipartner.com\/tac-3-combat-training\/#breadcrumb","itemListElement":[{"@type":"ListItem","position":1,"name":"Startseite","item":"https:\/\/halevipartner.com\/"},{"@type":"ListItem","position":2,"name":"TAC 3 Combat Training"}]},{"@type":"WebSite","@id":"https:\/\/halevipartner.com\/#website","url":"https:\/\/halevipartner.com\/","name":"Halevi Partner","description":"Combat &amp; Schie\u00df-Trainingszentrum","publisher":{"@id":"https:\/\/halevipartner.com\/#organization"},"potentialAction":[{"@type":"SearchAction","target":{"@type":"EntryPoint","urlTemplate":"https:\/\/halevipartner.com\/?s={search_term_string}"},"query-input":{"@type":"PropertyValueSpecification","valueRequired":true,"valueName":"search_term_string"}}],"inLanguage":"en-US"},{"@type":"Organization","@id":"https:\/\/halevipartner.com\/#organization","name":"Halevi Partner","url":"https:\/\/halevipartner.com\/","logo":{"@type":"ImageObject","inLanguage":"en-US","@id":"https:\/\/halevipartner.com\/#\/schema\/logo\/image\/","url":"https:\/\/halevipartner.com\/wp-content\/uploads\/2025\/05\/image_2025-07-02_22-30-57-1.png","contentUrl":"https:\/\/halevipartner.com\/wp-content\/uploads\/2025\/05\/image_2025-07-02_22-30-57-1.png","width":2399,"height":576,"caption":"Halevi Partner"},"image":{"@id":"https:\/\/halevipartner.com\/#\/schema\/logo\/image\/"},"sameAs":["https:\/\/www.facebook.com\/p\/Halevi-Partner-100077092023247\/","https:\/\/www.instagram.com\/halevi.partner\/"]}]}},"_links":{"self":[{"href":"https:\/\/halevipartner.com\/en\/wp-json\/wp\/v2\/pages\/1747","targetHints":{"allow":["GET"]}}],"collection":[{"href":"https:\/\/halevipartner.com\/en\/wp-json\/wp\/v2\/pages"}],"about":[{"href":"https:\/\/halevipartner.com\/en\/wp-json\/wp\/v2\/types\/page"}],"author":[{"embeddable":true,"href":"https:\/\/halevipartner.com\/en\/wp-json\/wp\/v2\/users\/3"}],"replies":[{"embeddable":true,"href":"https:\/\/halevipartner.com\/en\/wp-json\/wp\/v2\/comments?post=1747"}],"version-history":[{"count":47,"href":"https:\/\/halevipartner.com\/en\/wp-json\/wp\/v2\/pages\/1747\/revisions"}],"predecessor-version":[{"id":2288,"href":"https:\/\/halevipartner.com\/en\/wp-json\/wp\/v2\/pages\/1747\/revisions\/2288"}],"wp:attachment":[{"href":"https:\/\/halevipartner.com\/en\/wp-json\/wp\/v2\/media?parent=1747"}],"curies":[{"name":"wp","href":"https:\/\/api.w.org\/{rel}","templated":true}]}}